{"id":1811,"date":"2024-05-06T15:39:14","date_gmt":"2024-05-06T15:39:14","guid":{"rendered":"https:\/\/solifoc.com\/?page_id=1811"},"modified":"2024-05-06T15:41:47","modified_gmt":"2024-05-06T15:41:47","slug":"blog","status":"publish","type":"page","link":"https:\/\/solifoc.com\/en\/blog\/","title":{"rendered":"Blog"},"content":{"rendered":"<div class=\"gb-container gb-container-4a2c95a1\">\n\n<div class=\"gb-grid-wrapper gb-grid-wrapper-ea9079fd gb-query-loop-wrapper\">\n<div class=\"gb-grid-column gb-grid-column-086ac3f6 gb-query-loop-item post-1871 post type-post status-publish format-standard has-post-thumbnail hentry category-uncategorized\"><div class=\"gb-container gb-container-086ac3f6\">\n<div class=\"gb-container gb-container-3caacf70\" style=\"--background-image: url(https:\/\/solifoc.com\/wp-content\/uploads\/2025\/03\/image-1.jpg);\"><\/div>\n\n<div class=\"gb-container gb-container-dca73a76\">\n<h3 class=\"gb-headline gb-headline-fe131a5d gb-headline-text\">Rehabilitaci\u00f3 energ\u00e8tica d&#8217;una masia (II)<\/h3>\n\n<div class=\"gb-headline gb-headline-db0ec75d gb-headline-text\">En aquesta segona part parlarem de la part el\u00e8ctrica, i \u00e9s que volem aconseguir una casa totalment autosuficient, si m\u00e9s no, que tots els imputs energ\u00e8tics provinguin de fonts renovables. Avui parlarem de l\u2019energia solar fotovoltaica i com amb una instal\u00b7laci\u00f3 combinada de solar i biomassa pot reduir els consums el\u00e8ctrics (o d\u2019energia final) optimitzant els recursos en un m\u00f3n en qu\u00e8 cada cop m\u00e9s ser\u00e0 m\u00e9s dif\u00edcil l\u2019acc\u00e9s a l\u2019energia. Les dades de partida per fer la instal\u00b7laci\u00f3 varen ser les gr\u00e0fiques de consum obtingudes de la factura de la llum, aquestes, per\u00f2, no mostren una corba real, ja &#8230; <a class=\"gb-dynamic-read-more\" href=\"https:\/\/solifoc.com\/en\/rehabilitacio-energetica-duna-masia-ii\/\" aria-label=\"More on Rehabilitaci\u00f3 energ\u00e8tica d&#8217;una masia (II)\">Llegeix m\u00e9s<\/a><\/div>\n<\/div>\n<\/div><\/div>\n\n<div class=\"gb-grid-column gb-grid-column-086ac3f6 gb-query-loop-item post-1864 post type-post status-publish format-standard has-post-thumbnail hentry category-uncategorized\"><div class=\"gb-container gb-container-086ac3f6\">\n<div class=\"gb-container gb-container-3caacf70\" style=\"--background-image: url(https:\/\/solifoc.com\/wp-content\/uploads\/2024\/04\/Biomassa-e1713795517563.webp);\"><\/div>\n\n<div class=\"gb-container gb-container-dca73a76\">\n<h3 class=\"gb-headline gb-headline-fe131a5d gb-headline-text\">Rehabilitaci\u00f3 energ\u00e8tica d&#8217;una masia (I)<\/h3>\n\n<div class=\"gb-headline gb-headline-db0ec75d gb-headline-text\">En la nostra primera entrada del blog volem mostrar un projecte que s\u2019ha realitat en dues fases, amb l\u2019objectiu d\u2019aconseguir que una masia on hi resideixen 2 persones sigui pr\u00e0cticament autosuficient a nivell energ\u00e8tic, o si m\u00e9s no, que el 100% de l\u2019energia que es consumeix sigui d\u2019origen renovable. Entre les dues actuacions hem incorporat un sistema de calefacci\u00f3 central amb una hidroestufa de pellets i un sistema fotovoltaic d\u2019autoconsum. Per comen\u00e7ar, expliquem per sobre les dades de la casa. Aquesta est\u00e0 ubicada a la prov\u00edncia de Barcelona, a les vores de Martorell, per\u00f2 apartada del nucli urb\u00e0. Es tracta &#8230; <a class=\"gb-dynamic-read-more\" href=\"https:\/\/solifoc.com\/en\/rehabilitacio-energetica-duna-masia-i\/\" aria-label=\"More on Rehabilitaci\u00f3 energ\u00e8tica d&#8217;una masia (I)\">Llegeix m\u00e9s<\/a><\/div>\n<\/div>\n<\/div><\/div>\n\n<div class=\"gb-grid-column gb-grid-column-086ac3f6 gb-query-loop-item post-1808 post type-post status-publish format-standard has-post-thumbnail hentry category-uncategorized\"><div class=\"gb-container gb-container-086ac3f6\">\n<div class=\"gb-container gb-container-3caacf70\" style=\"--background-image: url(https:\/\/solifoc.com\/wp-content\/uploads\/2024\/04\/solifoc_autoconsum_vivenda_unifamiliar.jpg);\"><\/div>\n\n<div class=\"gb-container gb-container-dca73a76\">\n<h3 class=\"gb-headline gb-headline-fe131a5d gb-headline-text\">Ajuts i subvensions actuals per energies renovables<\/h3>\n\n<div class=\"gb-headline gb-headline-db0ec75d gb-headline-text\">Actualment un bon reclam per fer el canvi a les energies renovables es l\u2019alt preu de l\u2019energia i el foment d\u2019aquestes per part de l\u2019Estat arrel de les subvencions i bonificacions v\u00e0ries que hi ha actualment. Avui parlarem d\u2019aquestes i la viabilitat de rebreles. En primer lloc les que est\u00e0n en boca de tothom: El Fons Next Generation EU i les ajudes directes per la instal\u00b7laci\u00f3 de sistemes d\u2019autoconsum i t\u00e8rmics renovables. Aquests ajuts son gestionats per l\u2019ICAEN (Institut Catal\u00e0 de l\u2019Energia) i venen de part de la Uni\u00f3 europea per fer front a la crisi energ\u00e8tica. L\u2019import de la &#8230; <a class=\"gb-dynamic-read-more\" href=\"https:\/\/solifoc.com\/en\/ajuts-i-subvensions-actuals-per-energies-renovables\/\" aria-label=\"More on Ajuts i subvensions actuals per energies renovables\">Llegeix m\u00e9s<\/a><\/div>\n<\/div>\n<\/div><\/div>\n<\/div>\n\n<\/div>","protected":false},"excerpt":{"rendered":"","protected":false},"author":1,"featured_media":0,"parent":0,"menu_order":0,"comment_status":"closed","ping_status":"closed","template":"","meta":{"_acf_changed":false,"footnotes":""},"class_list":["post-1811","page","type-page","status-publish"],"acf":[],"yoast_head":"<!-- This site is optimized with the Yoast SEO plugin v26.7 - https:\/\/yoast.com\/wordpress\/plugins\/seo\/ -->\n<title>Blog - Solifoc<\/title>\n<meta name=\"robots\" content=\"index, follow, max-snippet:-1, max-image-preview:large, max-video-preview:-1\" \/>\n<link rel=\"canonical\" href=\"https:\/\/solifoc.com\/en\/blog\/\" \/>\n<meta property=\"og:locale\" content=\"en_GB\" \/>\n<meta property=\"og:type\" content=\"article\" \/>\n<meta property=\"og:title\" content=\"Blog - Solifoc\" \/>\n<meta property=\"og:url\" content=\"https:\/\/solifoc.com\/en\/blog\/\" \/>\n<meta property=\"og:site_name\" content=\"Solifoc\" \/>\n<meta property=\"article:modified_time\" content=\"2024-05-06T15:41:47+00:00\" \/>\n<meta name=\"twitter:card\" content=\"summary_large_image\" \/>\n<script type=\"application\/ld+json\" class=\"yoast-schema-graph\">{\"@context\":\"https:\/\/schema.org\",\"@graph\":[{\"@type\":\"WebPage\",\"@id\":\"https:\/\/solifoc.com\/blog\/\",\"url\":\"https:\/\/solifoc.com\/blog\/\",\"name\":\"Blog - Solifoc\",\"isPartOf\":{\"@id\":\"https:\/\/solifoc.com\/#website\"},\"datePublished\":\"2024-05-06T15:39:14+00:00\",\"dateModified\":\"2024-05-06T15:41:47+00:00\",\"breadcrumb\":{\"@id\":\"https:\/\/solifoc.com\/blog\/#breadcrumb\"},\"inLanguage\":\"en-GB\",\"potentialAction\":[{\"@type\":\"ReadAction\",\"target\":[\"https:\/\/solifoc.com\/blog\/\"]}]},{\"@type\":\"BreadcrumbList\",\"@id\":\"https:\/\/solifoc.com\/blog\/#breadcrumb\",\"itemListElement\":[{\"@type\":\"ListItem\",\"position\":1,\"name\":\"Inici\",\"item\":\"https:\/\/solifoc.com\/\"},{\"@type\":\"ListItem\",\"position\":2,\"name\":\"Blog\"}]},{\"@type\":\"WebSite\",\"@id\":\"https:\/\/solifoc.com\/#website\",\"url\":\"https:\/\/solifoc.com\/\",\"name\":\"Solifoc\",\"description\":\"Energia Solar: autoconsum, sistemes a\u00efllats, flexibilitat energ\u00e8tica\",\"publisher\":{\"@id\":\"https:\/\/solifoc.com\/#organization\"},\"potentialAction\":[{\"@type\":\"SearchAction\",\"target\":{\"@type\":\"EntryPoint\",\"urlTemplate\":\"https:\/\/solifoc.com\/?s={search_term_string}\"},\"query-input\":{\"@type\":\"PropertyValueSpecification\",\"valueRequired\":true,\"valueName\":\"search_term_string\"}}],\"inLanguage\":\"en-GB\"},{\"@type\":\"Organization\",\"@id\":\"https:\/\/solifoc.com\/#organization\",\"name\":\"Solifoc\",\"url\":\"https:\/\/solifoc.com\/\",\"logo\":{\"@type\":\"ImageObject\",\"inLanguage\":\"en-GB\",\"@id\":\"https:\/\/solifoc.com\/#\/schema\/logo\/image\/\",\"url\":\"https:\/\/solifoc.com\/wp-content\/uploads\/2024\/04\/solifoc_logo.svg\",\"contentUrl\":\"https:\/\/solifoc.com\/wp-content\/uploads\/2024\/04\/solifoc_logo.svg\",\"width\":172,\"height\":63,\"caption\":\"Solifoc\"},\"image\":{\"@id\":\"https:\/\/solifoc.com\/#\/schema\/logo\/image\/\"}}]}<\/script>\n<!-- \/ Yoast SEO plugin. -->","yoast_head_json":{"title":"Blog - Solifoc","robots":{"index":"index","follow":"follow","max-snippet":"max-snippet:-1","max-image-preview":"max-image-preview:large","max-video-preview":"max-video-preview:-1"},"canonical":"https:\/\/solifoc.com\/en\/blog\/","og_locale":"en_GB","og_type":"article","og_title":"Blog - Solifoc","og_url":"https:\/\/solifoc.com\/en\/blog\/","og_site_name":"Solifoc","article_modified_time":"2024-05-06T15:41:47+00:00","twitter_card":"summary_large_image","schema":{"@context":"https:\/\/schema.org","@graph":[{"@type":"WebPage","@id":"https:\/\/solifoc.com\/blog\/","url":"https:\/\/solifoc.com\/blog\/","name":"Blog - Solifoc","isPartOf":{"@id":"https:\/\/solifoc.com\/#website"},"datePublished":"2024-05-06T15:39:14+00:00","dateModified":"2024-05-06T15:41:47+00:00","breadcrumb":{"@id":"https:\/\/solifoc.com\/blog\/#breadcrumb"},"inLanguage":"en-GB","potentialAction":[{"@type":"ReadAction","target":["https:\/\/solifoc.com\/blog\/"]}]},{"@type":"BreadcrumbList","@id":"https:\/\/solifoc.com\/blog\/#breadcrumb","itemListElement":[{"@type":"ListItem","position":1,"name":"Inici","item":"https:\/\/solifoc.com\/"},{"@type":"ListItem","position":2,"name":"Blog"}]},{"@type":"WebSite","@id":"https:\/\/solifoc.com\/#website","url":"https:\/\/solifoc.com\/","name":"Solifoc","description":"Energia Solar: autoconsum, sistemes a\u00efllats, flexibilitat energ\u00e8tica","publisher":{"@id":"https:\/\/solifoc.com\/#organization"},"potentialAction":[{"@type":"SearchAction","target":{"@type":"EntryPoint","urlTemplate":"https:\/\/solifoc.com\/?s={search_term_string}"},"query-input":{"@type":"PropertyValueSpecification","valueRequired":true,"valueName":"search_term_string"}}],"inLanguage":"en-GB"},{"@type":"Organization","@id":"https:\/\/solifoc.com\/#organization","name":"Solifoc","url":"https:\/\/solifoc.com\/","logo":{"@type":"ImageObject","inLanguage":"en-GB","@id":"https:\/\/solifoc.com\/#\/schema\/logo\/image\/","url":"https:\/\/solifoc.com\/wp-content\/uploads\/2024\/04\/solifoc_logo.svg","contentUrl":"https:\/\/solifoc.com\/wp-content\/uploads\/2024\/04\/solifoc_logo.svg","width":172,"height":63,"caption":"Solifoc"},"image":{"@id":"https:\/\/solifoc.com\/#\/schema\/logo\/image\/"}}]}},"_links":{"self":[{"href":"https:\/\/solifoc.com\/en\/wp-json\/wp\/v2\/pages\/1811","targetHints":{"allow":["GET"]}}],"collection":[{"href":"https:\/\/solifoc.com\/en\/wp-json\/wp\/v2\/pages"}],"about":[{"href":"https:\/\/solifoc.com\/en\/wp-json\/wp\/v2\/types\/page"}],"author":[{"embeddable":true,"href":"https:\/\/solifoc.com\/en\/wp-json\/wp\/v2\/users\/1"}],"replies":[{"embeddable":true,"href":"https:\/\/solifoc.com\/en\/wp-json\/wp\/v2\/comments?post=1811"}],"version-history":[{"count":3,"href":"https:\/\/solifoc.com\/en\/wp-json\/wp\/v2\/pages\/1811\/revisions"}],"predecessor-version":[{"id":1814,"href":"https:\/\/solifoc.com\/en\/wp-json\/wp\/v2\/pages\/1811\/revisions\/1814"}],"wp:attachment":[{"href":"https:\/\/solifoc.com\/en\/wp-json\/wp\/v2\/media?parent=1811"}],"curies":[{"name":"wp","href":"https:\/\/api.w.org\/{rel}","templated":true}]}}