{"id":913,"date":"2024-04-16T17:14:33","date_gmt":"2024-04-16T17:14:33","guid":{"rendered":"https:\/\/solifoc.tandem.ws\/?page_id=913"},"modified":"2024-04-18T21:27:55","modified_gmt":"2024-04-18T21:27:55","slug":"motius","status":"publish","type":"page","link":"https:\/\/solifoc.com\/en\/motius\/","title":{"rendered":"l&#8217;estat de l&#8217;energia"},"content":{"rendered":"<div class=\"gb-container gb-container-9d0a01b9\">\n<div class=\"gb-container gb-container-3cc04e83\"><\/div>\n<\/div>\n\n<div class=\"gb-container gb-container-a4a86558\">\n<div class=\"gb-container gb-container-6615800b\">\n\n<h3 class=\"gb-headline gb-headline-4c5cc828 gb-headline-text\">At Solifoc we believe that it is essential that citizens be empowered themself, which is why we are firmly committed to energy decentralization and, as it cannot be otherwise, to renewable and local energies.<\/h3>\n\n<\/div>\n\n<div class=\"gb-container gb-container-f2687abe\">\n\n<h3 class=\"gb-headline gb-headline-f94070df gb-headline-text\">Our reasons<\/h3>\n\n\n\n<h3 class=\"gb-headline gb-headline-ef7802b1 gb-headline-text\">Our key is the vision of the home as a single system.<\/h3>\n\n<\/div>\n<\/div>\n\n<div class=\"gb-container gb-container-f35f05c8\">\n\n<h3 class=\"gb-headline gb-headline-a3bbe627\"><span class=\"gb-icon\"><svg fill=\"currentColor\" viewbox=\"0 0 24 24\" xmlns=\"http:\/\/www.w3.org\/2000\/svg\"><path d=\"M6 5C5.44772 5 5 5.44772 5 6C5 6.55228 5.44772 7 6 7C6.55228 7 7 6.55228 7 6C7 5.44772 6.55228 5 6 5ZM3 6C3 4.34315 4.34315 3 6 3C7.65685 3 9 4.34315 9 6C9 7.30622 8.16519 8.41746 7 8.82929V15.1707C8.16519 15.5825 9 16.6938 9 18C9 19.6569 7.65685 21 6 21C4.34315 21 3 19.6569 3 18C3 16.6938 3.83481 15.5825 5 15.1707V8.82929C3.83481 8.41746 3 7.30622 3 6ZM15.2929 3.29289C15.6834 2.90237 16.3166 2.90237 16.7071 3.29289L18 4.58579L19.2929 3.29289C19.6834 2.90237 20.3166 2.90237 20.7071 3.29289C21.0976 3.68342 21.0976 4.31658 20.7071 4.70711L19.4142 6L20.7071 7.29289C21.0976 7.68342 21.0976 8.31658 20.7071 8.70711C20.3166 9.09763 19.6834 9.09763 19.2929 8.70711L18 7.41421L16.7071 8.70711C16.3166 9.09763 15.6834 9.09763 15.2929 8.70711C14.9024 8.31658 14.9024 7.68342 15.2929 7.29289L16.5858 6L15.2929 4.70711C14.9024 4.31658 14.9024 3.68342 15.2929 3.29289ZM18 10C18.5523 10 19 10.4477 19 11V15.1707C20.1652 15.5825 21 16.6938 21 18C21 19.6569 19.6569 21 18 21C16.3431 21 15 19.6569 15 18C15 16.6938 15.8348 15.5825 17 15.1707V11C17 10.4477 17.4477 10 18 10ZM6 17C5.44772 17 5 17.4477 5 18C5 18.5523 5.44772 19 6 19C6.55228 19 7 18.5523 7 18C7 17.4477 6.55228 17 6 17ZM18 17C17.4477 17 17 17.4477 17 18C17 18.5523 17.4477 19 18 19C18.5523 19 19 18.5523 19 18C19 17.4477 18.5523 17 18 17Z\"><\/path><\/svg><\/span><span class=\"gb-headline-text\">The problem<\/span><\/h3>\n\n\n\n<p>250 million years ago, the earth was uninhabitable due to high levels of CO\u2082. Luck, physics and absurd amounts of time have captured all this CO\u2082 underground in the form of \u201cfossil fuels\u201d, making this planet the paradise we have known until now.<\/p>\n\n\n\n<p>Doesn't it seem absurd to release this CO\u2082 again?<\/p>\n\n\n\n<p>Well yes, it is elementary, but it is happening. For some years now, both you and I can say that we began to feel the consequences around us and it seems clear that this is the beginning of the path to return to that scenario.<\/p>\n\n\n\n<p>Well, here begins our fight to not release more CO\u2082 into the atmosphere and to be able to maintain the life of people, animals and plants for many more years or, in other words, make life on earth sustainable.<\/p>\n\n<\/div>\n\n<div class=\"gb-container gb-container-a8fc9cc6\">\n\n<h3 class=\"gb-headline gb-headline-4ebf3038\"><span class=\"gb-icon\"><svg fill=\"currentColor\" viewbox=\"0 0 24 24\" xmlns=\"http:\/\/www.w3.org\/2000\/svg\"><path d=\"M7.10508 8.78991C7.45179 10.0635 8.61653 11 10 11H14C16.4703 11 18.5222 12.7915 18.9274 15.1461C20.1303 15.5367 21 16.6668 21 18C21 19.6569 19.6569 21 18 21C16.3431 21 15 19.6569 15 18C15 16.7334 15.7849 15.6501 16.8949 15.2101C16.5482 13.9365 15.3835 13 14 13H10C8.87439 13 7.83566 12.6281 7 12.0004V15.1707C8.16519 15.5825 9 16.6938 9 18C9 19.6569 7.65685 21 6 21C4.34315 21 3 19.6569 3 18C3 16.6938 3.83481 15.5825 5 15.1707V8.82929C3.83481 8.41746 3 7.30622 3 6C3 4.34315 4.34315 3 6 3C7.65685 3 9 4.34315 9 6C9 7.26661 8.21506 8.34988 7.10508 8.78991ZM6 7C6.55228 7 7 6.55228 7 6C7 5.44772 6.55228 5 6 5C5.44772 5 5 5.44772 5 6C5 6.55228 5.44772 7 6 7ZM6 19C6.55228 19 7 18.5523 7 18C7 17.4477 6.55228 17 6 17C5.44772 17 5 17.4477 5 18C5 18.5523 5.44772 19 6 19ZM18 19C18.5523 19 19 18.5523 19 18C19 17.4477 18.5523 17 18 17C17.4477 17 17 17.4477 17 18C17 18.5523 17.4477 19 18 19Z\"><\/path><\/svg><\/span><span class=\"gb-headline-text\">Our proposal<\/span><\/h3>\n\n\n\n<p>\u201cLuckily\u201d, most of the causes of this problem come from the way we produce and consume energy, therefore, making changes \u201cjust\u201d at this point is a large part of the solution.<\/p>\n\n\n\n<p>Homes and buildings consume 30% of global energy. That is why Solifoc focuses on \u201ctransforming\u201d their energy situation, making them more autonomous with emission-free energy.<\/p>\n\n\n\n<p>In this way we reduce dependence on external sources and ensure that energy is produced and consumed in the same place, distributing production and avoiding transportation losses.<\/p>\n\n\n\n<p>When we understand that we are all part of the solution is when we value people and relationships, for this reason we seek to energetically empower citizens and do so with personal treatment, gradually replacing \u201ccommercial transactions\u201d with \u201chuman relationships.\u201d<\/p>\n\n<\/div>\n\n<div class=\"gb-container gb-container-f964d81b\">\n\n<h3 class=\"gb-headline gb-headline-5c335dd2\"><span class=\"gb-icon\"><svg fill=\"currentColor\" viewbox=\"0 0 24 24\" xmlns=\"http:\/\/www.w3.org\/2000\/svg\"><path d=\"M15 5H17C18.1046 5 19 5.89543 19 7V15.1707C20.1652 15.5825 21 16.6938 21 18C21 19.6569 19.6569 21 18 21C16.3431 21 15 19.6569 15 18C15 16.6938 15.8348 15.5825 17 15.1707V7H15V10L10.5 6L15 2V5ZM5 8.82929C3.83481 8.41746 3 7.30622 3 6C3 4.34315 4.34315 3 6 3C7.65685 3 9 4.34315 9 6C9 7.30622 8.16519 8.41746 7 8.82929V15.1707C8.16519 15.5825 9 16.6938 9 18C9 19.6569 7.65685 21 6 21C4.34315 21 3 19.6569 3 18C3 16.6938 3.83481 15.5825 5 15.1707V8.82929ZM6 7C6.55228 7 7 6.55228 7 6C7 5.44772 6.55228 5 6 5C5.44772 5 5 5.44772 5 6C5 6.55228 5.44772 7 6 7ZM6 19C6.55228 19 7 18.5523 7 18C7 17.4477 6.55228 17 6 17C5.44772 17 5 17.4477 5 18C5 18.5523 5.44772 19 6 19ZM18 19C18.5523 19 19 18.5523 19 18C19 17.4477 18.5523 17 18 17C17.4477 17 17 17.4477 17 18C17 18.5523 17.4477 19 18 19Z\"><\/path><\/svg><\/span><span class=\"gb-headline-text\">Our solution<\/span><\/h3>\n\n\n\n<p>To obtain this self-sufficiency we integrate the photovoltaic energy systems with what already exists in the installation, making the entire system work harmoniously to get the most out of it.<\/p>\n\n\n\n<p>The key is the vision of the home as a single system, the home itself. The union of solar energy to supply consumption, combined with efficient air conditioning systems and good management of the entire system, allows us to satisfy all energy needs in the most ecological, economical and efficient way possible.<\/p>\n\n\n\n<p>For us, sustainability occurs when what we do has a positive impact not only economically, but also in the social and environmental sphere, which is why we put a lot of effort into finding solutions that are the meeting point between what you want, the most efficient and the one that makes the most economic sense.<\/p>\n\n<\/div>\n\n<div class=\"gb-container gb-container-04aeea8a\">\n\n<h3 class=\"gb-headline gb-headline-1ac0461e\"><span class=\"gb-icon\"><svg fill=\"currentColor\" viewbox=\"0 0 24 24\" xmlns=\"http:\/\/www.w3.org\/2000\/svg\"><path d=\"M6 5C5.44772 5 5 5.44772 5 6C5 6.55228 5.44772 7 6 7C6.55228 7 7 6.55228 7 6C7 5.44772 6.55228 5 6 5ZM3 6C3 4.34315 4.34315 3 6 3C7.65685 3 9 4.34315 9 6C9 7.30622 8.16519 8.41746 7 8.82929V9C7 10.1046 7.89543 11 9 11H15C16.1046 11 17 10.1046 17 9V8.82929C15.8348 8.41746 15 7.30622 15 6C15 4.34315 16.3431 3 18 3C19.6569 3 21 4.34315 21 6C21 7.30622 20.1652 8.41746 19 8.82929V9C19 11.2091 17.2091 13 15 13H13V15.1707C14.1652 15.5825 15 16.6938 15 18C15 19.6569 13.6569 21 12 21C10.3431 21 9 19.6569 9 18C9 16.6938 9.83481 15.5825 11 15.1707V13H9C6.79086 13 5 11.2091 5 9V8.82929C3.83481 8.41746 3 7.30622 3 6ZM18 5C17.4477 5 17 5.44772 17 6C17 6.55228 17.4477 7 18 7C18.5523 7 19 6.55228 19 6C19 5.44772 18.5523 5 18 5ZM12 17C11.4477 17 11 17.4477 11 18C11 18.5523 11.4477 19 12 19C12.5523 19 13 18.5523 13 18C13 17.4477 12.5523 17 12 17Z\"><\/path><\/svg><\/span><span class=\"gb-headline-text\">What's our direction?<\/span><\/h3>\n\n\n\n<p>We have a rough future ahead of us, we are very late and a lot of work needs to be done. That is why we do not believe in competition, we are all more than necessary, both we, the installers, and you, the individual, to turn around the energy system that supplies us.<\/p>\n\n\n\n<p>Of course, the bad news is that it is not possible to do it with the absurd levels of consumption to which we are accustomed, the solution is to decrease and calm our \"standards\" in a more austere scenario.<\/p>\n\n\n\n<p>But if we all do our part, if we do what we can to change the model, we can create a new world in which every kWh consumed has been produced very nearby and with renewable energy. Where much more value is given to energy and, therefore, it is managed efficiently, effectively and used for what is really important.<\/p>\n\n<\/div>","protected":false},"excerpt":{"rendered":"<p>A Solifoc creiem imprescindible que la ciutadania s\u2019empoderi, per aix\u00f2 apostem fermament en la descentralitzaci\u00f3 energ\u00e8tica i, com no pot ser d\u2019altra manera, per les energies renovables i locals. Motius La nostra clau es la visi\u00f3 de la llar com un sol sistema. El problema Fa 250 milions d\u2019anys, la terra era inhabitable a causa &#8230; <a title=\"l&#8217;estat de l&#8217;energia\" class=\"read-more\" href=\"https:\/\/solifoc.com\/en\/motius\/\" aria-label=\"Read more about l&#8217;estat de l&#8217;energia\">Read more<\/a><\/p>","protected":false},"author":1,"featured_media":0,"parent":0,"menu_order":0,"comment_status":"closed","ping_status":"closed","template":"","meta":{"_acf_changed":false,"footnotes":""},"class_list":["post-913","page","type-page","status-publish"],"acf":[],"yoast_head":"<!-- This site is optimized with the Yoast SEO plugin v26.7 - https:\/\/yoast.com\/wordpress\/plugins\/seo\/ -->\n<title>l&#039;estat de l&#039;energia - Solifoc<\/title>\n<meta name=\"robots\" content=\"index, follow, max-snippet:-1, max-image-preview:large, max-video-preview:-1\" \/>\n<link rel=\"canonical\" href=\"https:\/\/solifoc.com\/en\/motius\/\" \/>\n<meta property=\"og:locale\" content=\"en_GB\" \/>\n<meta property=\"og:type\" content=\"article\" \/>\n<meta property=\"og:title\" content=\"l&#039;estat de l&#039;energia - Solifoc\" \/>\n<meta property=\"og:description\" content=\"A Solifoc creiem imprescindible que la ciutadania s\u2019empoderi, per aix\u00f2 apostem fermament en la descentralitzaci\u00f3 energ\u00e8tica i, com no pot ser d\u2019altra manera, per les energies renovables i locals. Motius La nostra clau es la visi\u00f3 de la llar com un sol sistema. El problema Fa 250 milions d\u2019anys, la terra era inhabitable a causa ... Read more\" \/>\n<meta property=\"og:url\" content=\"https:\/\/solifoc.com\/en\/motius\/\" \/>\n<meta property=\"og:site_name\" content=\"Solifoc\" \/>\n<meta property=\"article:modified_time\" content=\"2024-04-18T21:27:55+00:00\" \/>\n<meta name=\"twitter:card\" content=\"summary_large_image\" \/>\n<meta name=\"twitter:label1\" content=\"Estimated reading time\" \/>\n\t<meta name=\"twitter:data1\" content=\"3 minutes\" \/>\n<script type=\"application\/ld+json\" class=\"yoast-schema-graph\">{\"@context\":\"https:\/\/schema.org\",\"@graph\":[{\"@type\":\"WebPage\",\"@id\":\"https:\/\/solifoc.com\/motius\/\",\"url\":\"https:\/\/solifoc.com\/motius\/\",\"name\":\"l'estat de l'energia - Solifoc\",\"isPartOf\":{\"@id\":\"https:\/\/solifoc.com\/#website\"},\"datePublished\":\"2024-04-16T17:14:33+00:00\",\"dateModified\":\"2024-04-18T21:27:55+00:00\",\"breadcrumb\":{\"@id\":\"https:\/\/solifoc.com\/motius\/#breadcrumb\"},\"inLanguage\":\"en-GB\",\"potentialAction\":[{\"@type\":\"ReadAction\",\"target\":[\"https:\/\/solifoc.com\/motius\/\"]}]},{\"@type\":\"BreadcrumbList\",\"@id\":\"https:\/\/solifoc.com\/motius\/#breadcrumb\",\"itemListElement\":[{\"@type\":\"ListItem\",\"position\":1,\"name\":\"Inici\",\"item\":\"https:\/\/solifoc.com\/\"},{\"@type\":\"ListItem\",\"position\":2,\"name\":\"l&#8217;estat de l&#8217;energia\"}]},{\"@type\":\"WebSite\",\"@id\":\"https:\/\/solifoc.com\/#website\",\"url\":\"https:\/\/solifoc.com\/\",\"name\":\"Solifoc\",\"description\":\"Energia Solar: autoconsum, sistemes a\u00efllats, flexibilitat energ\u00e8tica\",\"publisher\":{\"@id\":\"https:\/\/solifoc.com\/#organization\"},\"potentialAction\":[{\"@type\":\"SearchAction\",\"target\":{\"@type\":\"EntryPoint\",\"urlTemplate\":\"https:\/\/solifoc.com\/?s={search_term_string}\"},\"query-input\":{\"@type\":\"PropertyValueSpecification\",\"valueRequired\":true,\"valueName\":\"search_term_string\"}}],\"inLanguage\":\"en-GB\"},{\"@type\":\"Organization\",\"@id\":\"https:\/\/solifoc.com\/#organization\",\"name\":\"Solifoc\",\"url\":\"https:\/\/solifoc.com\/\",\"logo\":{\"@type\":\"ImageObject\",\"inLanguage\":\"en-GB\",\"@id\":\"https:\/\/solifoc.com\/#\/schema\/logo\/image\/\",\"url\":\"https:\/\/solifoc.com\/wp-content\/uploads\/2024\/04\/solifoc_logo.svg\",\"contentUrl\":\"https:\/\/solifoc.com\/wp-content\/uploads\/2024\/04\/solifoc_logo.svg\",\"width\":172,\"height\":63,\"caption\":\"Solifoc\"},\"image\":{\"@id\":\"https:\/\/solifoc.com\/#\/schema\/logo\/image\/\"}}]}<\/script>\n<!-- \/ Yoast SEO plugin. -->","yoast_head_json":{"title":"l'estat de l'energia - Solifoc","robots":{"index":"index","follow":"follow","max-snippet":"max-snippet:-1","max-image-preview":"max-image-preview:large","max-video-preview":"max-video-preview:-1"},"canonical":"https:\/\/solifoc.com\/en\/motius\/","og_locale":"en_GB","og_type":"article","og_title":"l'estat de l'energia - Solifoc","og_description":"A Solifoc creiem imprescindible que la ciutadania s\u2019empoderi, per aix\u00f2 apostem fermament en la descentralitzaci\u00f3 energ\u00e8tica i, com no pot ser d\u2019altra manera, per les energies renovables i locals. Motius La nostra clau es la visi\u00f3 de la llar com un sol sistema. El problema Fa 250 milions d\u2019anys, la terra era inhabitable a causa ... Read more","og_url":"https:\/\/solifoc.com\/en\/motius\/","og_site_name":"Solifoc","article_modified_time":"2024-04-18T21:27:55+00:00","twitter_card":"summary_large_image","twitter_misc":{"Estimated reading time":"3 minutes"},"schema":{"@context":"https:\/\/schema.org","@graph":[{"@type":"WebPage","@id":"https:\/\/solifoc.com\/motius\/","url":"https:\/\/solifoc.com\/motius\/","name":"l'estat de l'energia - Solifoc","isPartOf":{"@id":"https:\/\/solifoc.com\/#website"},"datePublished":"2024-04-16T17:14:33+00:00","dateModified":"2024-04-18T21:27:55+00:00","breadcrumb":{"@id":"https:\/\/solifoc.com\/motius\/#breadcrumb"},"inLanguage":"en-GB","potentialAction":[{"@type":"ReadAction","target":["https:\/\/solifoc.com\/motius\/"]}]},{"@type":"BreadcrumbList","@id":"https:\/\/solifoc.com\/motius\/#breadcrumb","itemListElement":[{"@type":"ListItem","position":1,"name":"Inici","item":"https:\/\/solifoc.com\/"},{"@type":"ListItem","position":2,"name":"l&#8217;estat de l&#8217;energia"}]},{"@type":"WebSite","@id":"https:\/\/solifoc.com\/#website","url":"https:\/\/solifoc.com\/","name":"Solifoc","description":"Energia Solar: autoconsum, sistemes a\u00efllats, flexibilitat energ\u00e8tica","publisher":{"@id":"https:\/\/solifoc.com\/#organization"},"potentialAction":[{"@type":"SearchAction","target":{"@type":"EntryPoint","urlTemplate":"https:\/\/solifoc.com\/?s={search_term_string}"},"query-input":{"@type":"PropertyValueSpecification","valueRequired":true,"valueName":"search_term_string"}}],"inLanguage":"en-GB"},{"@type":"Organization","@id":"https:\/\/solifoc.com\/#organization","name":"Solifoc","url":"https:\/\/solifoc.com\/","logo":{"@type":"ImageObject","inLanguage":"en-GB","@id":"https:\/\/solifoc.com\/#\/schema\/logo\/image\/","url":"https:\/\/solifoc.com\/wp-content\/uploads\/2024\/04\/solifoc_logo.svg","contentUrl":"https:\/\/solifoc.com\/wp-content\/uploads\/2024\/04\/solifoc_logo.svg","width":172,"height":63,"caption":"Solifoc"},"image":{"@id":"https:\/\/solifoc.com\/#\/schema\/logo\/image\/"}}]}},"_links":{"self":[{"href":"https:\/\/solifoc.com\/en\/wp-json\/wp\/v2\/pages\/913","targetHints":{"allow":["GET"]}}],"collection":[{"href":"https:\/\/solifoc.com\/en\/wp-json\/wp\/v2\/pages"}],"about":[{"href":"https:\/\/solifoc.com\/en\/wp-json\/wp\/v2\/types\/page"}],"author":[{"embeddable":true,"href":"https:\/\/solifoc.com\/en\/wp-json\/wp\/v2\/users\/1"}],"replies":[{"embeddable":true,"href":"https:\/\/solifoc.com\/en\/wp-json\/wp\/v2\/comments?post=913"}],"version-history":[{"count":12,"href":"https:\/\/solifoc.com\/en\/wp-json\/wp\/v2\/pages\/913\/revisions"}],"predecessor-version":[{"id":1705,"href":"https:\/\/solifoc.com\/en\/wp-json\/wp\/v2\/pages\/913\/revisions\/1705"}],"wp:attachment":[{"href":"https:\/\/solifoc.com\/en\/wp-json\/wp\/v2\/media?parent=913"}],"curies":[{"name":"wp","href":"https:\/\/api.w.org\/{rel}","templated":true}]}}